{"id":1196,"date":"2012-02-22T20:30:24","date_gmt":"2012-02-22T07:30:24","guid":{"rendered":"http:\/\/foxdocs.biz\/quotes-2\/"},"modified":"2015-05-26T17:59:08","modified_gmt":"2015-05-26T04:59:08","slug":"preise","status":"publish","type":"page","link":"https:\/\/foxdocs.biz\/de\/preise\/","title":{"rendered":"Preise"},"content":{"rendered":"<p>[et_pb_section transparent_background=&#8220;off&#8220; background_color=&#8220;#077d8a&#8220; allow_player_pause=&#8220;off&#8220; inner_shadow=&#8220;off&#8220; parallax=&#8220;off&#8220; parallax_method=&#8220;off&#8220;][et_pb_row][et_pb_column type=&#8220;4_4&#8243;][et_pb_text admin_label=&#8220;Text&#8220; background_layout=&#8220;dark&#8220; text_orientation=&#8220;left&#8220;]<\/p>\n<h3>Preise und Angebote<\/h3>\n<p>[\/et_pb_text][\/et_pb_column][\/et_pb_row][\/et_pb_section][et_pb_section fullwidth=&#8220;off&#8220; specialty=&#8220;off&#8220;][et_pb_row][et_pb_column type=&#8220;4_4&#8243;][et_pb_text admin_label=&#8220;Text&#8220; background_layout=&#8220;light&#8220; text_orientation=&#8220;left&#8220;]<\/p>\n<h3>Unverbindliches Angebot<\/h3>\n<p>Sie ben\u00f6tigen hochwertige \u00dcbersetzungen aus dem Deutschen ins Englische? F\u00fcr Anfragen senden Sie mir bitte eine E-Mail an jayne(at)foxdocs.biz. Sie erhalten dann ein unverbindliches Angebot. \u00dcber Ihre Anfrage w\u00fcrde ich mich sehr freuen.<\/p>\n<h3>Preise<\/h3>\n<p>Meine Preise liegen im Rahmen dessen, was andere \u00dcbersetzungs- und Textdienstleister f\u00fcr einen hochwertigen Service berechnen. \u00dcbersetzungen berechne ich auf Wort- oder Zeilenbasis, wobei eine Normzeile 55 Anschl\u00e4gen des deutschen Textes entspricht. Das Honorar f\u00fcr Dienstleistungen, wie das Verfassen englischer Texte, Lektorat, \u201eTranscreation\u201c (Adaption), Recherche und Beratung, berechne ich auf Stundenbasis. F\u00fcr Anfragen senden Sie mir eine E-Mail an jayne(at)foxdocs.biz. Sie erhalten dann ein unverbindliches Angebot.<\/p>\n<h3>Auftragsabwicklung \u00fcber Nacht<\/h3>\n<p>Meine Kunden verteilen sich \u00fcber die ganze Welt. An meinem Wohnsitz in Neuseeland f\u00fchre ich \u00fcber Nacht kleinere Auftr\u00e4ge f\u00fcr Sie aus. Senden Sie mir einfach eine E-Mail. Morgens und abends bin ich online (europ\u00e4ische Zeit).<\/p>\n<h3>Zahlungsmodalit\u00e4ten<\/h3>\n<p>Rechnungen stelle ich in Euro oder Schweizer Franken aus und werden per \u00dcberweisung auf mein SEPA-Bankkonto beglichen. Ich akzeptiere auch Kreditkartenzahlungen \u00fcber PayPal.<\/p>\n<h3>Steuerfreie Dienstleistungen f\u00fcr Kunden in Europa und in den USA<\/h3>\n<p>F\u00fcr Kunden in Europa oder in den USA sind meine Dienstleistungen umsatzsteuerfrei.<\/p>\n<h3>Besondere Textsorten und Formatierungsauftr\u00e4ge<\/h3>\n<p>F\u00fcr besondere Textsorten, wie zum Beispiel Slogans oder Werbetexte, kann ein Festpreis vereinbart werden. Zus\u00e4tzliche Formatierungsarbeiten stelle ich gem\u00e4\u00df Stundensatz in Rechnung. F\u00fcr alle Auftr\u00e4ge gelten meine Allgemeinen Gesch\u00e4ftsbedingungen (AGB).[\/et_pb_text][\/et_pb_column][\/et_pb_row][et_pb_row][et_pb_column type=&#8220;1_2&#8243;][et_pb_contact_form admin_label=&#8220;Contact Form&#8220; captcha=&#8220;on&#8220; email=&#8220;jayne@jayne-fox.com&#8220; title=&#8220;Kontaktieren Sie mich&#8220; \/][\/et_pb_column][et_pb_column type=&#8220;1_2&#8243;][et_pb_text admin_label=&#8220;Text&#8220; background_layout=&#8220;light&#8220; text_orientation=&#8220;left&#8220;]<\/p>\n<h3>Von Ihnen ben\u00f6tigte Angaben<\/h3>\n<p>Bitte machen Sie bei allen Anfragen folgende Angaben:<\/p>\n<ul>\n<li>Ihr Name<\/li>\n<li>Unternehmen, Adresse<\/li>\n<li>Telefon<\/li>\n<li>E-Mail<\/li>\n<li>Dateityp (z. B. MS Word)<\/li>\n<\/ul>\n<p>Weitere Angaben k\u00f6nnen sehr hilfreich sein:<\/p>\n<ul>\n<li>Um welche Art von Dokument handelt es sich (z. B. Webseiten)?<\/li>\n<li>Welchem Zweck dient das Dokument und f\u00fcr welche Zielgruppe ist es bestimmt (z. B. f\u00fcr eine Unternehmensdarstellung f\u00fcr Konsumenten)?<\/li>\n<\/ul>\n<p>[\/et_pb_text][\/et_pb_column][\/et_pb_row][\/et_pb_section][et_pb_section fullwidth=&#8220;off&#8220; specialty=&#8220;off&#8220; transparent_background=&#8220;off&#8220; background_color=&#8220;#077d8a&#8220; allow_player_pause=&#8220;off&#8220; inner_shadow=&#8220;off&#8220; parallax=&#8220;off&#8220; parallax_method=&#8220;off&#8220;][et_pb_row][et_pb_column type=&#8220;4_4&#8243;][et_pb_text admin_label=&#8220;Text&#8220; background_layout=&#8220;light&#8220; text_orientation=&#8220;left&#8220; \/][\/et_pb_column][\/et_pb_row][\/et_pb_section]<\/p>\n","protected":false},"excerpt":{"rendered":"<p><div class=\"et_pb_row et_pb_row_0 et_pb_row_empty\">\n\t\t\t\t\n\t\t\t\t\n\t\t\t\t\n\t\t\t\t\n\t\t\t\t\n\t\t\t<\/div>Preise und Angebote<div class=\"et_pb_row et_pb_row_1 et_pb_row_empty\">\n\t\t\t\t\n\t\t\t\t\n\t\t\t\t\n\t\t\t\t\n\t\t\t\t\n\t\t\t<\/div>Unverbindliches Angebot Sie ben\u00f6tigen hochwertige \u00dcbersetzungen aus dem Deutschen ins Englische? F\u00fcr Anfragen senden Sie mir bitte eine E-Mail an jayne(at)foxdocs.biz. Sie erhalten dann ein unverbindliches Angebot. \u00dcber Ihre Anfrage w\u00fcrde ich mich sehr freuen. Preise Meine Preise liegen im Rahmen dessen, was andere \u00dcbersetzungs- und Textdienstleister f\u00fcr einen hochwertigen Service berechnen. \u00dcbersetzungen [&hellip;]<\/p>\n","protected":false},"author":5,"featured_media":0,"parent":0,"menu_order":0,"comment_status":"closed","ping_status":"closed","template":"","meta":{"_et_pb_use_builder":"on","_et_pb_old_content":"","_et_gb_content_width":"","footnotes":""},"class_list":["post-1196","page","type-page","status-publish","hentry"],"_links":{"self":[{"href":"https:\/\/foxdocs.biz\/de\/wp-json\/wp\/v2\/pages\/1196","targetHints":{"allow":["GET"]}}],"collection":[{"href":"https:\/\/foxdocs.biz\/de\/wp-json\/wp\/v2\/pages"}],"about":[{"href":"https:\/\/foxdocs.biz\/de\/wp-json\/wp\/v2\/types\/page"}],"author":[{"embeddable":true,"href":"https:\/\/foxdocs.biz\/de\/wp-json\/wp\/v2\/users\/5"}],"replies":[{"embeddable":true,"href":"https:\/\/foxdocs.biz\/de\/wp-json\/wp\/v2\/comments?post=1196"}],"version-history":[{"count":7,"href":"https:\/\/foxdocs.biz\/de\/wp-json\/wp\/v2\/pages\/1196\/revisions"}],"predecessor-version":[{"id":8607,"href":"https:\/\/foxdocs.biz\/de\/wp-json\/wp\/v2\/pages\/1196\/revisions\/8607"}],"wp:attachment":[{"href":"https:\/\/foxdocs.biz\/de\/wp-json\/wp\/v2\/media?parent=1196"}],"curies":[{"name":"wp","href":"https:\/\/api.w.org\/{rel}","templated":true}]}}