{"id":1193,"date":"2012-02-22T18:12:01","date_gmt":"2012-02-22T05:12:01","guid":{"rendered":"http:\/\/foxdocs.biz\/jayne-fox-2\/"},"modified":"2022-12-22T15:16:35","modified_gmt":"2022-12-22T02:16:35","slug":"jayne-fox","status":"publish","type":"page","link":"https:\/\/foxdocs.biz\/de\/jayne-fox\/","title":{"rendered":"Jayne Fox"},"content":{"rendered":"<p>[et_pb_section fb_built=&#8220;1&#8243; fullwidth=&#8220;on&#8220; admin_label=&#8220;section&#8220; _builder_version=&#8220;4.16&#8243; background_color=&#8220;#077d8a&#8220; transparent_background=&#8220;off&#8220; global_colors_info=&#8220;{}&#8220;][et_pb_fullwidth_header title=&#8220;Jayne Fox&#8220; subhead=&#8220;BSc MITI, Fach\u00fcbersetzerin Deutsch-Englisch&#8220; content_max_width=&#8220;none&#8220; admin_label=&#8220;Fullwidth Header&#8220; _builder_version=&#8220;4.16&#8243; background_color=&#8220;rgba(255, 255, 255, 0)&#8220; global_colors_info=&#8220;{}&#8220; button_one_text_size__hover_enabled=&#8220;off&#8220; button_two_text_size__hover_enabled=&#8220;off&#8220; button_one_text_color__hover_enabled=&#8220;off&#8220; button_two_text_color__hover_enabled=&#8220;off&#8220; button_one_border_width__hover_enabled=&#8220;off&#8220; button_two_border_width__hover_enabled=&#8220;off&#8220; button_one_border_color__hover_enabled=&#8220;off&#8220; button_two_border_color__hover_enabled=&#8220;off&#8220; button_one_border_radius__hover_enabled=&#8220;off&#8220; button_two_border_radius__hover_enabled=&#8220;off&#8220; button_one_letter_spacing__hover_enabled=&#8220;off&#8220; button_two_letter_spacing__hover_enabled=&#8220;off&#8220; button_one_bg_color__hover_enabled=&#8220;off&#8220; button_two_bg_color__hover_enabled=&#8220;off&#8220;][\/et_pb_fullwidth_header][\/et_pb_section][et_pb_section fb_built=&#8220;1&#8243; admin_label=&#8220;section&#8220; _builder_version=&#8220;4.16&#8243; transparent_background=&#8220;off&#8220; global_colors_info=&#8220;{}&#8220;][et_pb_row column_structure=&#8220;1_3,2_3&#8243; admin_label=&#8220;row&#8220; _builder_version=&#8220;4.16&#8243; background_size=&#8220;initial&#8220; background_position=&#8220;top_left&#8220; background_repeat=&#8220;repeat&#8220; global_colors_info=&#8220;{}&#8220;][et_pb_column type=&#8220;1_3&#8243; _builder_version=&#8220;4.16&#8243; custom_padding=&#8220;|||&#8220; global_colors_info=&#8220;{}&#8220; custom_padding__hover=&#8220;|||&#8220;][et_pb_image src=&#8220;http:\/\/foxdocs.biz\/wp-content\/uploads\/2022\/12\/JayneFox2-400&#215;600-2.jpg&#8220; alt=&#8220;Jayne Fox \u00dcbersetzerin f\u00fcr Deutsch-Englisch und Lektorin f\u00fcr englische Texte &#8220; title_text=&#8220;JayneFox2-400&#215;600&#8243; align_tablet=&#8220;center&#8220; align_phone=&#8220;center&#8220; align_last_edited=&#8220;on|desktop&#8220; admin_label=&#8220;Image&#8220; _builder_version=&#8220;4.19.4&#8243; use_border_color=&#8220;off&#8220; border_color=&#8220;#ffffff&#8220; border_style=&#8220;solid&#8220; animation=&#8220;off&#8220; sticky=&#8220;off&#8220; always_center_on_mobile=&#8220;on&#8220; global_colors_info=&#8220;{}&#8220;][\/et_pb_image][\/et_pb_column][et_pb_column type=&#8220;2_3&#8243; _builder_version=&#8220;4.16&#8243; custom_padding=&#8220;|||&#8220; global_colors_info=&#8220;{}&#8220; custom_padding__hover=&#8220;|||&#8220;][et_pb_text admin_label=&#8220;Text&#8220; _builder_version=&#8220;4.16&#8243; background_size=&#8220;initial&#8220; background_position=&#8220;top_left&#8220; background_repeat=&#8220;repeat&#8220; use_border_color=&#8220;off&#8220; border_color=&#8220;#ffffff&#8220; border_style=&#8220;solid&#8220; global_colors_info=&#8220;{}&#8220;]Ich bin \u00dcbersetzerin f\u00fcr Deutsch-Englisch und Lektorin f\u00fcr englische Texte. Meine Fachgebiete sind Wissenschaft und Technik, Gesundheitswesen und Unternehmenskommunikation. Als erfahrene Texterin und englische Muttersprachlerin (britisches Englisch) biete ich seit 1996 anspruchsvollen Organisationen erstklassige Deutsch-Englisch-\u00dcbersetzungen an.<\/p>\n<p>Ich habe an der Newcastle University einen Abschluss als Bachelor of Science (BSc) mit Auszeichnung erworben. Dar\u00fcber hinaus bin ich qualifiziertes Mitglied (MITI) im britischen \u00dcbersetzer- und Dolmetscherverband ITI (Institute of Translation and Interpreting).<\/p>\n<p>Ich blicke auf Erfahrung in den Bereichen Training und Entwicklung, Management und technische Redaktion zur\u00fcck. In Gro\u00dfbritannien, Deutschland und in der Schweiz habe ich Englisch und \u00dcbersetzen (Deutsch-Englisch) unterrichtet. Ich wollte mehr von der Welt sehen und reiste nach Neuseeland, wo ich f\u00fcr Gro\u00dfunternehmen in den Bereichen technische Redaktion, Training, Dokumentation und Management t\u00e4tig war.<\/p>\n<p>Die umfassende Kombination aus Fachkenntnis, Erfahrung und Weiterbildung bildet eine unsch\u00e4tzbare Grundlage f\u00fcr meine T\u00e4tigkeit als \u00dcbersetzerin. Erg\u00e4nzt wird diese Grundlage durch berufliche Weiterbildung, wie z. B. Kurse an der Universit\u00e4t in den Bereichen Anatomie, Physiologie, klinische Terminologie, Genetik und Gesundheitsforschung.[\/et_pb_text][\/et_pb_column][\/et_pb_row][et_pb_row column_structure=&#8220;2_3,1_3&#8243; admin_label=&#8220;row&#8220; _builder_version=&#8220;4.16&#8243; background_size=&#8220;initial&#8220; background_position=&#8220;top_left&#8220; background_repeat=&#8220;repeat&#8220; global_colors_info=&#8220;{}&#8220;][et_pb_column type=&#8220;2_3&#8243; _builder_version=&#8220;4.16&#8243; custom_padding=&#8220;|||&#8220; global_colors_info=&#8220;{}&#8220; custom_padding__hover=&#8220;|||&#8220;][et_pb_text admin_label=&#8220;Text&#8220; _builder_version=&#8220;4.16&#8243; background_size=&#8220;initial&#8220; background_position=&#8220;top_left&#8220; background_repeat=&#8220;repeat&#8220; use_border_color=&#8220;off&#8220; border_color=&#8220;#ffffff&#8220; border_style=&#8220;solid&#8220; global_colors_info=&#8220;{}&#8220;]Als Bef\u00fcrworterin des lebenslangen Lernens nutze ich jede Gelegenheit, um meinen Wissens- und Kenntnishorizont zu erweitern. Ich bin engagiertes Mitglied des BD\u00dc (Bundesverband der Dolmetscher und \u00dcbersetzer) sowie der EMWA (European Medical Writers Association).<\/p>\n<p><a href=\"https:\/\/foxdocs.biz\/de\/kundenstimmen\/\" target=\"_blank\" rel=\"noopener\">Meine Kunden liegen mir sehr am Herzen.<\/a> Eine unverz\u00fcgliche Antwort auf Ihre Anfrage oder Nachricht geh\u00f6rt f\u00fcr mich daher zum Standardservice. Ich bin bekannt f\u00fcr meine und Zuverl\u00e4ssigkeit und f\u00fchre Auftr\u00e4ge immer termin- und budgetgerecht aus. Neukunden sind jederzeit herzlich willkommen. Doch sind auch meinen Kapazit\u00e4ten Grenzen gesetzt. <a href=\"https:\/\/foxdocs.biz\/de\/kontakt\/\" target=\"_blank\" rel=\"noopener\">Sprechen Sie mich noch heute an<\/a>, damit ich rechtzeitig Kapazit\u00e4ten f\u00fcr Sie einplanen kann.[\/et_pb_text][\/et_pb_column][et_pb_column type=&#8220;1_3&#8243; _builder_version=&#8220;4.16&#8243; custom_padding=&#8220;|||&#8220; global_colors_info=&#8220;{}&#8220; custom_padding__hover=&#8220;|||&#8220;][et_pb_testimonial author=&#8220;Herr J S&#8220; job_title=&#8220;Manager, Schweiz&#8220; admin_label=&#8220;Testimonial&#8220; _builder_version=&#8220;4.16&#8243; background_size=&#8220;initial&#8220; background_position=&#8220;top_left&#8220; background_repeat=&#8220;repeat&#8220; text_orientation=&#8220;center&#8220; global_colors_info=&#8220;{}&#8220;]\u201eIch weiss einfach, dass du nicht nur eine exzellente \u00dcbersetzerin bist, sondern du auch wirklich tolle Texte kreieren bzw. redigieren kannst. Deshalb habe ich darauf bestanden, dass alle Texte von dir redigiert werden.\u201c[\/et_pb_testimonial][\/et_pb_column][\/et_pb_row][et_pb_row column_structure=&#8220;1_3,1_3,1_3&#8243; admin_label=&#8220;Row&#8220; _builder_version=&#8220;4.16&#8243; background_size=&#8220;initial&#8220; background_position=&#8220;top_left&#8220; background_repeat=&#8220;repeat&#8220; global_colors_info=&#8220;{}&#8220;][et_pb_column type=&#8220;1_3&#8243; _builder_version=&#8220;4.16&#8243; custom_padding=&#8220;|||&#8220; global_colors_info=&#8220;{}&#8220; custom_padding__hover=&#8220;|||&#8220;][et_pb_image src=&#8220;http:\/\/foxdocs.biz\/wp-content\/uploads\/2015\/03\/ITI-150.png&#8220; align_tablet=&#8220;center&#8220; align_phone=&#8220;center&#8220; align_last_edited=&#8220;on|desktop&#8220; admin_label=&#8220;Image&#8220; _builder_version=&#8220;4.16&#8243; animation_style=&#8220;slide&#8220; animation_direction=&#8220;left&#8220; animation_duration=&#8220;500ms&#8220; animation_intensity_slide=&#8220;10%&#8220; animation=&#8220;left&#8220; sticky=&#8220;off&#8220; global_colors_info=&#8220;{}&#8220;][\/et_pb_image][\/et_pb_column][et_pb_column type=&#8220;1_3&#8243; _builder_version=&#8220;4.16&#8243; custom_padding=&#8220;|||&#8220; global_colors_info=&#8220;{}&#8220; custom_padding__hover=&#8220;|||&#8220;][et_pb_image src=&#8220;http:\/\/foxdocs.biz\/wp-content\/uploads\/2012\/02\/EMWA-150.jpg&#8220; align_tablet=&#8220;center&#8220; align_phone=&#8220;center&#8220; align_last_edited=&#8220;on|desktop&#8220; admin_label=&#8220;Image&#8220; _builder_version=&#8220;4.16&#8243; animation_style=&#8220;slide&#8220; animation_direction=&#8220;left&#8220; animation_duration=&#8220;500ms&#8220; animation_intensity_slide=&#8220;10%&#8220; use_border_color=&#8220;off&#8220; border_color=&#8220;#ffffff&#8220; border_style=&#8220;solid&#8220; animation=&#8220;left&#8220; sticky=&#8220;off&#8220; always_center_on_mobile=&#8220;on&#8220; global_colors_info=&#8220;{}&#8220;][\/et_pb_image][\/et_pb_column][et_pb_column type=&#8220;1_3&#8243; _builder_version=&#8220;4.16&#8243; custom_padding=&#8220;|||&#8220; global_colors_info=&#8220;{}&#8220; custom_padding__hover=&#8220;|||&#8220;][et_pb_image src=&#8220;http:\/\/foxdocs.biz\/wp-content\/uploads\/2012\/02\/Mitgliedslogo_lang_de.png&#8220; align_tablet=&#8220;center&#8220; align_phone=&#8220;center&#8220; align_last_edited=&#8220;on|desktop&#8220; admin_label=&#8220;Image&#8220; _builder_version=&#8220;4.16&#8243; custom_margin=&#8220;35px|||&#8220; animation_style=&#8220;slide&#8220; animation_direction=&#8220;left&#8220; animation_duration=&#8220;500ms&#8220; animation_intensity_slide=&#8220;10%&#8220; use_border_color=&#8220;off&#8220; border_color=&#8220;#ffffff&#8220; border_style=&#8220;solid&#8220; animation=&#8220;left&#8220; sticky=&#8220;off&#8220; always_center_on_mobile=&#8220;on&#8220; global_colors_info=&#8220;{}&#8220;][\/et_pb_image][\/et_pb_column][\/et_pb_row][\/et_pb_section][et_pb_section fb_built=&#8220;1&#8243; admin_label=&#8220;section&#8220; _builder_version=&#8220;4.16&#8243; background_color=&#8220;#077d8a&#8220; transparent_background=&#8220;off&#8220; global_colors_info=&#8220;{}&#8220;][et_pb_row admin_label=&#8220;row&#8220; _builder_version=&#8220;4.16&#8243; background_size=&#8220;initial&#8220; background_position=&#8220;top_left&#8220; background_repeat=&#8220;repeat&#8220; global_colors_info=&#8220;{}&#8220;][et_pb_column type=&#8220;4_4&#8243; _builder_version=&#8220;4.16&#8243; custom_padding=&#8220;|||&#8220; global_colors_info=&#8220;{}&#8220; custom_padding__hover=&#8220;|||&#8220;][et_pb_cta button_url=&#8220;https:\/\/foxdocs.biz\/de\/kontakt\/&#8220; button_text=&#8220;Kontaktieren Sie mich&#8220; admin_label=&#8220;Call To Action&#8220; _builder_version=&#8220;4.16&#8243; background_size=&#8220;initial&#8220; background_position=&#8220;top_left&#8220; background_repeat=&#8220;repeat&#8220; global_colors_info=&#8220;{}&#8220; button_text_size__hover_enabled=&#8220;off&#8220; button_one_text_size__hover_enabled=&#8220;off&#8220; button_two_text_size__hover_enabled=&#8220;off&#8220; button_text_color__hover_enabled=&#8220;off&#8220; button_one_text_color__hover_enabled=&#8220;off&#8220; button_two_text_color__hover_enabled=&#8220;off&#8220; button_border_width__hover_enabled=&#8220;off&#8220; button_one_border_width__hover_enabled=&#8220;off&#8220; button_two_border_width__hover_enabled=&#8220;off&#8220; button_border_color__hover_enabled=&#8220;off&#8220; button_one_border_color__hover_enabled=&#8220;off&#8220; button_two_border_color__hover_enabled=&#8220;off&#8220; button_border_radius__hover_enabled=&#8220;off&#8220; button_one_border_radius__hover_enabled=&#8220;off&#8220; button_two_border_radius__hover_enabled=&#8220;off&#8220; button_letter_spacing__hover_enabled=&#8220;off&#8220; button_one_letter_spacing__hover_enabled=&#8220;off&#8220; button_two_letter_spacing__hover_enabled=&#8220;off&#8220; button_bg_color__hover_enabled=&#8220;off&#8220; button_one_bg_color__hover_enabled=&#8220;off&#8220; button_two_bg_color__hover_enabled=&#8220;off&#8220;]<\/p>\n<h3>Interesse an einer Zusammenarbeit?<\/h3>\n<p>[\/et_pb_cta][\/et_pb_column][\/et_pb_row][\/et_pb_section]<\/p>\n","protected":false},"excerpt":{"rendered":"<p>Ich bin \u00dcbersetzerin f\u00fcr Deutsch-Englisch und Lektorin f\u00fcr englische Texte. Meine Fachgebiete sind Wissenschaft und Technik, Gesundheitswesen und Unternehmenskommunikation. Als erfahrene Texterin und englische Muttersprachlerin (britisches Englisch) biete ich seit 1996 anspruchsvollen Organisationen erstklassige Deutsch-Englisch-\u00dcbersetzungen an. Ich habe an der Newcastle University einen Abschluss als Bachelor of Science (BSc) mit Auszeichnung erworben. Dar\u00fcber hinaus bin [&hellip;]<\/p>\n","protected":false},"author":5,"featured_media":8991,"parent":0,"menu_order":0,"comment_status":"closed","ping_status":"closed","template":"","meta":{"_et_pb_use_builder":"on","_et_pb_old_content":"","_et_gb_content_width":"","footnotes":""},"class_list":["post-1193","page","type-page","status-publish","has-post-thumbnail","hentry"],"_links":{"self":[{"href":"https:\/\/foxdocs.biz\/de\/wp-json\/wp\/v2\/pages\/1193","targetHints":{"allow":["GET"]}}],"collection":[{"href":"https:\/\/foxdocs.biz\/de\/wp-json\/wp\/v2\/pages"}],"about":[{"href":"https:\/\/foxdocs.biz\/de\/wp-json\/wp\/v2\/types\/page"}],"author":[{"embeddable":true,"href":"https:\/\/foxdocs.biz\/de\/wp-json\/wp\/v2\/users\/5"}],"replies":[{"embeddable":true,"href":"https:\/\/foxdocs.biz\/de\/wp-json\/wp\/v2\/comments?post=1193"}],"version-history":[{"count":4,"href":"https:\/\/foxdocs.biz\/de\/wp-json\/wp\/v2\/pages\/1193\/revisions"}],"predecessor-version":[{"id":8992,"href":"https:\/\/foxdocs.biz\/de\/wp-json\/wp\/v2\/pages\/1193\/revisions\/8992"}],"wp:featuredmedia":[{"embeddable":true,"href":"https:\/\/foxdocs.biz\/de\/wp-json\/wp\/v2\/media\/8991"}],"wp:attachment":[{"href":"https:\/\/foxdocs.biz\/de\/wp-json\/wp\/v2\/media?parent=1193"}],"curies":[{"name":"wp","href":"https:\/\/api.w.org\/{rel}","templated":true}]}}