{"id":1190,"date":"2012-02-22T20:34:16","date_gmt":"2012-02-22T07:34:16","guid":{"rendered":"http:\/\/foxdocs.biz\/contact-2\/"},"modified":"2022-12-22T13:52:59","modified_gmt":"2022-12-22T00:52:59","slug":"kontakt","status":"publish","type":"page","link":"https:\/\/foxdocs.biz\/de\/kontakt\/","title":{"rendered":"Kontakt"},"content":{"rendered":"<p>[et_pb_section fb_built=&#8220;1&#8243; admin_label=&#8220;section&#8220; _builder_version=&#8220;4.16&#8243; background_color=&#8220;#077d8a&#8220; transparent_background=&#8220;off&#8220; global_colors_info=&#8220;{}&#8220;][et_pb_row admin_label=&#8220;row&#8220; _builder_version=&#8220;4.16&#8243; background_size=&#8220;initial&#8220; background_position=&#8220;top_left&#8220; background_repeat=&#8220;repeat&#8220; global_colors_info=&#8220;{}&#8220;][et_pb_column type=&#8220;4_4&#8243; _builder_version=&#8220;4.16&#8243; custom_padding=&#8220;|||&#8220; global_colors_info=&#8220;{}&#8220; custom_padding__hover=&#8220;|||&#8220;][et_pb_text admin_label=&#8220;Text&#8220; _builder_version=&#8220;4.16&#8243; background_size=&#8220;initial&#8220; background_position=&#8220;top_left&#8220; background_repeat=&#8220;repeat&#8220; background_layout=&#8220;dark&#8220; global_colors_info=&#8220;{}&#8220;]<\/p>\n<h2>Kontakt<\/h2>\n<p>[\/et_pb_text][\/et_pb_column][\/et_pb_row][\/et_pb_section][et_pb_section fb_built=&#8220;1&#8243; admin_label=&#8220;section&#8220; _builder_version=&#8220;4.16&#8243; global_colors_info=&#8220;{}&#8220;][et_pb_row admin_label=&#8220;row&#8220; _builder_version=&#8220;4.16&#8243; background_size=&#8220;initial&#8220; background_position=&#8220;top_left&#8220; background_repeat=&#8220;repeat&#8220; global_colors_info=&#8220;{}&#8220; column_structure=&#8220;1_2,1_4,1_4&#8243;][et_pb_column type=&#8220;1_2&#8243; _builder_version=&#8220;4.16&#8243; custom_padding=&#8220;|||&#8220; global_colors_info=&#8220;{}&#8220; custom_padding__hover=&#8220;|||&#8220;][et_pb_image src=&#8220;http:\/\/foxdocs.biz\/wp-content\/uploads\/2022\/12\/JayneFox1-400&#215;529-6.jpg&#8220; align_tablet=&#8220;center&#8220; align_last_edited=&#8220;on|desktop&#8220; admin_label=&#8220;Image&#8220; _builder_version=&#8220;4.19.4&#8243; hover_enabled=&#8220;0&#8243; use_border_color=&#8220;off&#8220; border_color=&#8220;#ffffff&#8220; border_style=&#8220;solid&#8220; animation=&#8220;off&#8220; sticky=&#8220;off&#8220; always_center_on_mobile=&#8220;on&#8220; global_colors_info=&#8220;{}&#8220; alt=&#8220;Jayne Fox \u00dcbersetzerin f\u00fcr Deutsch-Englisch und Lektorin f\u00fcr englische Texte &#8220; title_text=&#8220;JayneFox1-400&#215;529&#8243; sticky_enabled=&#8220;0&#8243; align_phone=&#8220;center&#8220;][\/et_pb_image][\/et_pb_column][et_pb_column type=&#8220;1_4&#8243; _builder_version=&#8220;4.16&#8243; custom_padding=&#8220;|||&#8220; global_colors_info=&#8220;{}&#8220; custom_padding__hover=&#8220;|||&#8220;][et_pb_text admin_label=&#8220;Text&#8220; _builder_version=&#8220;4.19.4&#8243; background_size=&#8220;initial&#8220; background_position=&#8220;top_left&#8220; background_repeat=&#8220;repeat&#8220; hover_enabled=&#8220;0&#8243; use_border_color=&#8220;off&#8220; border_color=&#8220;#ffffff&#8220; border_style=&#8220;solid&#8220; global_colors_info=&#8220;{}&#8220; sticky_enabled=&#8220;0&#8243;]<\/p>\n<p>Kontaktieren Sie mich, Jayne Fox, wenn Sie eine \u00dcbersetzerin f\u00fcr Deutsch-Englisch, eine Texterin oder Lektorin\/Korrekturleserin ben\u00f6tigen. \u00dcber die Zusammenarbeit mit Ihnen w\u00fcrde ich mich sehr freuen.<\/p>\n<p><strong>E-Mail:<\/strong><br \/><strong>jayne(at)jayne-fox.com<\/strong><\/p>\n<p>[\/et_pb_text][\/et_pb_column][et_pb_column type=&#8220;1_4&#8243; _builder_version=&#8220;4.16&#8243; custom_padding=&#8220;|||&#8220; global_colors_info=&#8220;{}&#8220; custom_padding__hover=&#8220;|||&#8220;][et_pb_text admin_label=&#8220;Text&#8220; _builder_version=&#8220;4.16&#8243; background_size=&#8220;initial&#8220; background_position=&#8220;top_left&#8220; background_repeat=&#8220;repeat&#8220; use_border_color=&#8220;off&#8220; border_color=&#8220;#ffffff&#8220; border_style=&#8220;solid&#8220; global_colors_info=&#8220;{}&#8220;]Telefon:<br \/>\nNeuseeland: +64 4 889 0316<br \/>\nEngland: +44 1158 88 1086<\/p>\n<p>Jayne Fox | Foxdocs Limited<br \/>\n\u00dcbersetzungen \u2022 Lektorat \u2022 Unternehmenskommunikation<\/p>\n<p>Die vollst\u00e4ndige Adresse finden Sie im <a title=\"Impressum und Datenschutzhinweis\" href=\"https:\/\/foxdocs.biz\/de\/kontakt\/impressum\/\" target=\"_blank\" rel=\"noopener\">Impressum<\/a>.<br \/>\n[\/et_pb_text][\/et_pb_column][\/et_pb_row][\/et_pb_section][et_pb_section fb_built=&#8220;1&#8243; admin_label=&#8220;section&#8220; _builder_version=&#8220;4.16&#8243; background_color=&#8220;#077d8a&#8220; transparent_background=&#8220;off&#8220; global_colors_info=&#8220;{}&#8220;][et_pb_row admin_label=&#8220;row&#8220; _builder_version=&#8220;4.16&#8243; background_size=&#8220;initial&#8220; background_position=&#8220;top_left&#8220; background_repeat=&#8220;repeat&#8220; global_colors_info=&#8220;{}&#8220;][et_pb_column type=&#8220;4_4&#8243; _builder_version=&#8220;4.16&#8243; custom_padding=&#8220;|||&#8220; global_colors_info=&#8220;{}&#8220; custom_padding__hover=&#8220;|||&#8220;][et_pb_text admin_label=&#8220;Text&#8220; _builder_version=&#8220;4.16&#8243; background_size=&#8220;initial&#8220; background_position=&#8220;top_left&#8220; background_repeat=&#8220;repeat&#8220; background_layout=&#8220;dark&#8220; global_colors_info=&#8220;{}&#8220;]<\/p>\n<h2>\u00dcbersetzungen \u00fcber Nacht<\/h2>\n<p>Schicken Sie mir eine E-Mail, wenn Sie eine \u00dcbersetzung \u00fcber Nacht ben\u00f6tigen. Sollte es bisher noch zu keiner Zusammenarbeit gekommen sein, dann setzen Sie sich bitte ein oder zwei Tage fr\u00fcher mit mir in Verbindung. Ich bin morgens und abends online (europ\u00e4ische Zeit) und w\u00fcrde mich \u00fcber Ihre Anfrage freuen.<br \/>\n[\/et_pb_text][\/et_pb_column][\/et_pb_row][\/et_pb_section]<\/p>\n","protected":false},"excerpt":{"rendered":"<p>Kontakt Kontaktieren Sie mich, Jayne Fox, wenn Sie eine \u00dcbersetzerin f\u00fcr Deutsch-Englisch, eine Texterin oder Lektorin\/Korrekturleserin ben\u00f6tigen. \u00dcber die Zusammenarbeit mit Ihnen w\u00fcrde ich mich sehr freuen. E-Mail:jayne(at)jayne-fox.comTelefon: Neuseeland: +64 4 889 0316 England: +44 1158 88 1086 Jayne Fox | Foxdocs Limited \u00dcbersetzungen \u2022 Lektorat \u2022 Unternehmenskommunikation Die vollst\u00e4ndige Adresse finden Sie im Impressum. [&hellip;]<\/p>\n","protected":false},"author":5,"featured_media":0,"parent":0,"menu_order":0,"comment_status":"closed","ping_status":"closed","template":"","meta":{"_et_pb_use_builder":"on","_et_pb_old_content":"","_et_gb_content_width":"","footnotes":""},"class_list":["post-1190","page","type-page","status-publish","hentry"],"_links":{"self":[{"href":"https:\/\/foxdocs.biz\/de\/wp-json\/wp\/v2\/pages\/1190","targetHints":{"allow":["GET"]}}],"collection":[{"href":"https:\/\/foxdocs.biz\/de\/wp-json\/wp\/v2\/pages"}],"about":[{"href":"https:\/\/foxdocs.biz\/de\/wp-json\/wp\/v2\/types\/page"}],"author":[{"embeddable":true,"href":"https:\/\/foxdocs.biz\/de\/wp-json\/wp\/v2\/users\/5"}],"replies":[{"embeddable":true,"href":"https:\/\/foxdocs.biz\/de\/wp-json\/wp\/v2\/comments?post=1190"}],"version-history":[{"count":4,"href":"https:\/\/foxdocs.biz\/de\/wp-json\/wp\/v2\/pages\/1190\/revisions"}],"predecessor-version":[{"id":8985,"href":"https:\/\/foxdocs.biz\/de\/wp-json\/wp\/v2\/pages\/1190\/revisions\/8985"}],"wp:attachment":[{"href":"https:\/\/foxdocs.biz\/de\/wp-json\/wp\/v2\/media?parent=1190"}],"curies":[{"name":"wp","href":"https:\/\/api.w.org\/{rel}","templated":true}]}}